{"id":779,"date":"2021-05-17T18:55:31","date_gmt":"2021-05-17T18:55:31","guid":{"rendered":"https:\/\/fucis.net\/?page_id=779"},"modified":"2026-02-05T11:36:41","modified_gmt":"2026-02-05T11:36:41","slug":"covid-19","status":"publish","type":"page","link":"https:\/\/fucis.net\/es\/covid-19\/","title":{"rendered":"Covid-19"},"content":{"rendered":"<div data-elementor-type=\"wp-page\" data-elementor-id=\"779\" class=\"elementor elementor-779\" data-elementor-post-type=\"page\">\n\t\t\t\t\t\t<section class=\"elementor-section elementor-top-section elementor-element elementor-element-68b92d08 elementor-section-height-min-height elementor-section-boxed elementor-section-height-default elementor-section-items-middle exad-glass-effect-no exad-sticky-section-no\" data-id=\"68b92d08\" data-element_type=\"section\" data-e-type=\"section\" data-settings=\"{&quot;background_background&quot;:&quot;classic&quot;}\">\n\t\t\t\t\t\t\t<div class=\"elementor-background-overlay\"><\/div>\n\t\t\t\t\t\t\t<div class=\"elementor-container elementor-column-gap-default\">\n\t\t\t\t\t<div class=\"elementor-column elementor-col-100 elementor-top-column elementor-element elementor-element-14245189 exad-glass-effect-no exad-sticky-section-no\" data-id=\"14245189\" data-element_type=\"column\" data-e-type=\"column\">\n\t\t\t<div class=\"elementor-widget-wrap elementor-element-populated\">\n\t\t\t\t\t\t<div class=\"elementor-element elementor-element-4c00155e exad-sticky-section-no exad-glass-effect-no elementor-invisible elementor-widget elementor-widget-heading\" data-id=\"4c00155e\" data-element_type=\"widget\" data-e-type=\"widget\" data-settings=\"{&quot;_animation&quot;:&quot;fadeInUp&quot;,&quot;_animation_delay&quot;:300}\" data-widget_type=\"heading.default\">\n\t\t\t\t<div class=\"elementor-widget-container\">\n\t\t\t\t\t<h1 class=\"elementor-heading-title elementor-size-xxl\">Covid-19<\/h1>\t\t\t\t<\/div>\n\t\t\t\t<\/div>\n\t\t\t\t<div class=\"elementor-element elementor-element-640cb26a exad-sticky-section-no exad-glass-effect-no elementor-widget elementor-widget-heading\" data-id=\"640cb26a\" data-element_type=\"widget\" data-e-type=\"widget\" data-widget_type=\"heading.default\">\n\t\t\t\t<div class=\"elementor-widget-container\">\n\t\t\t\t\t<h2 class=\"elementor-heading-title elementor-size-default\">Protocolo de adhesi\u00f3n<\/h2>\t\t\t\t<\/div>\n\t\t\t\t<\/div>\n\t\t\t\t\t<\/div>\n\t\t<\/div>\n\t\t\t\t\t<\/div>\n\t\t<\/section>\n\t\t\t\t<section class=\"elementor-section elementor-top-section elementor-element elementor-element-3ed673a6 elementor-section-height-min-height elementor-section-boxed elementor-section-height-default elementor-section-items-middle exad-glass-effect-no exad-sticky-section-no\" data-id=\"3ed673a6\" data-element_type=\"section\" data-e-type=\"section\" data-settings=\"{&quot;background_background&quot;:&quot;classic&quot;}\">\n\t\t\t\t\t\t<div class=\"elementor-container elementor-column-gap-wider\">\n\t\t\t\t\t<div class=\"elementor-column elementor-col-100 elementor-top-column elementor-element elementor-element-78aefc46 exad-glass-effect-no exad-sticky-section-no\" data-id=\"78aefc46\" data-element_type=\"column\" data-e-type=\"column\">\n\t\t\t<div class=\"elementor-widget-wrap elementor-element-populated\">\n\t\t\t\t\t\t<div class=\"elementor-element elementor-element-53413e06 exad-sticky-section-no exad-glass-effect-no elementor-widget elementor-widget-heading\" data-id=\"53413e06\" data-element_type=\"widget\" data-e-type=\"widget\" data-widget_type=\"heading.default\">\n\t\t\t\t<div class=\"elementor-widget-container\">\n\t\t\t\t\t<h2 class=\"elementor-heading-title elementor-size-xxl\">COVID-19 GESTI\u00d3N DE RIESGOS\n\n<\/h2>\t\t\t\t<\/div>\n\t\t\t\t<\/div>\n\t\t\t\t<div class=\"elementor-element elementor-element-252ae27b exad-sticky-section-no exad-glass-effect-no elementor-widget elementor-widget-text-editor\" data-id=\"252ae27b\" data-element_type=\"widget\" data-e-type=\"widget\" data-widget_type=\"text-editor.default\">\n\t\t\t\t<div class=\"elementor-widget-container\">\n\t\t\t\t\t\t\t\t\t<p>NUESTRO PLAN DE ACCI\u00d3N<\/p>\t\t\t\t\t\t\t\t<\/div>\n\t\t\t\t<\/div>\n\t\t\t\t<section class=\"elementor-section elementor-inner-section elementor-element elementor-element-360ed961 animated-slow elementor-section-boxed elementor-section-height-default elementor-section-height-default exad-glass-effect-no exad-sticky-section-no elementor-invisible\" data-id=\"360ed961\" data-element_type=\"section\" data-e-type=\"section\" data-settings=\"{&quot;animation&quot;:&quot;fadeIn&quot;,&quot;animation_delay&quot;:300}\">\n\t\t\t\t\t\t<div class=\"elementor-container elementor-column-gap-default\">\n\t\t\t\t\t<div class=\"elementor-column elementor-col-50 elementor-inner-column elementor-element elementor-element-2d4dfd70 exad-glass-effect-no exad-sticky-section-no\" data-id=\"2d4dfd70\" data-element_type=\"column\" data-e-type=\"column\">\n\t\t\t<div class=\"elementor-widget-wrap elementor-element-populated\">\n\t\t\t\t\t\t<div class=\"elementor-element elementor-element-e60a5f9 exad-sticky-section-no exad-glass-effect-no elementor-widget elementor-widget-heading\" data-id=\"e60a5f9\" data-element_type=\"widget\" data-e-type=\"widget\" data-widget_type=\"heading.default\">\n\t\t\t\t<div class=\"elementor-widget-container\">\n\t\t\t\t\t<h2 class=\"elementor-heading-title elementor-size-default\">COVID-19 GESTI\u00d3N DE RIESGOS<\/h2>\t\t\t\t<\/div>\n\t\t\t\t<\/div>\n\t\t\t\t<div class=\"elementor-element elementor-element-34a5654 exad-sticky-section-no exad-glass-effect-no elementor-widget elementor-widget-text-editor\" data-id=\"34a5654\" data-element_type=\"widget\" data-e-type=\"widget\" data-widget_type=\"text-editor.default\">\n\t\t\t\t<div class=\"elementor-widget-container\">\n\t\t\t\t\t\t\t\t\t<ul><li>Proteger y apoyar la salud de los consumidores y empleados<\/li><li>Garantizar un distanciamiento f\u00edsico adecuado<\/li><li>Garantizar un control adecuado de las infecciones<\/li><li>Comunicaci\u00f3n con los consumidores y sus familias<\/li><li>Formaci\u00f3n continua del personal y de los consumidores sobre COVID-19<\/li><\/ul>\t\t\t\t\t\t\t\t<\/div>\n\t\t\t\t<\/div>\n\t\t\t\t<div class=\"elementor-element elementor-element-50066a7 exad-sticky-section-no exad-glass-effect-no elementor-widget elementor-widget-heading\" data-id=\"50066a7\" data-element_type=\"widget\" data-e-type=\"widget\" data-widget_type=\"heading.default\">\n\t\t\t\t<div class=\"elementor-widget-container\">\n\t\t\t\t\t<h2 class=\"elementor-heading-title elementor-size-default\">COVID-19 GESTI\u00d3N DE RIESGOS<\/h2>\t\t\t\t<\/div>\n\t\t\t\t<\/div>\n\t\t\t\t<div class=\"elementor-element elementor-element-4e87342 exad-sticky-section-no exad-glass-effect-no elementor-widget elementor-widget-text-editor\" data-id=\"4e87342\" data-element_type=\"widget\" data-e-type=\"widget\" data-widget_type=\"text-editor.default\">\n\t\t\t\t<div class=\"elementor-widget-container\">\n\t\t\t\t\t\t\t\t\t<ul><li>Se realiza a trav\u00e9s de la comunicaci\u00f3n telef\u00f3nica y\/o por v\u00eddeo<\/li><li>Realizaci\u00f3n de evaluaciones individuales y\/o planes de empleo del programa<\/li><li>Entrega de materiales y\/o suministros autoguiados<\/li><li>Garantizar el apoyo a las preferencias individuales de aprendizaje en el empleo y la protecci\u00f3n de los derechos.<\/li><\/ul>\t\t\t\t\t\t\t\t<\/div>\n\t\t\t\t<\/div>\n\t\t\t\t\t<\/div>\n\t\t<\/div>\n\t\t\t\t<div class=\"elementor-column elementor-col-50 elementor-inner-column elementor-element elementor-element-7e789f75 exad-glass-effect-no exad-sticky-section-no\" data-id=\"7e789f75\" data-element_type=\"column\" data-e-type=\"column\">\n\t\t\t<div class=\"elementor-widget-wrap elementor-element-populated\">\n\t\t\t\t\t\t<div class=\"elementor-element elementor-element-ce150b8 exad-sticky-section-no exad-glass-effect-no elementor-widget elementor-widget-image\" data-id=\"ce150b8\" data-element_type=\"widget\" data-e-type=\"widget\" data-widget_type=\"image.default\">\n\t\t\t\t<div class=\"elementor-widget-container\">\n\t\t\t\t\t\t\t\t\t\t\t\t\t\t\t<img fetchpriority=\"high\" decoding=\"async\" width=\"800\" height=\"534\" src=\"https:\/\/fucis.net\/wp-content\/uploads\/2021\/05\/pexels-18-1024x683.jpg\" class=\"attachment-large size-large wp-image-154\" alt=\"A computer screen with a map of the world on it.\" srcset=\"https:\/\/fucis.net\/wp-content\/uploads\/2021\/05\/pexels-18-1024x683.jpg 1024w, https:\/\/fucis.net\/wp-content\/uploads\/2021\/05\/pexels-18-300x200.jpg 300w, https:\/\/fucis.net\/wp-content\/uploads\/2021\/05\/pexels-18-768x512.jpg 768w, https:\/\/fucis.net\/wp-content\/uploads\/2021\/05\/pexels-18-1536x1024.jpg 1536w, https:\/\/fucis.net\/wp-content\/uploads\/2021\/05\/pexels-18-2048x1365.jpg 2048w, https:\/\/fucis.net\/wp-content\/uploads\/2021\/05\/pexels-18-scaled.jpg 1621w\" sizes=\"(max-width: 800px) 100vw, 800px\" \/>\t\t\t\t\t\t\t\t\t\t\t\t\t\t\t<\/div>\n\t\t\t\t<\/div>\n\t\t\t\t<div class=\"elementor-element elementor-element-3a0afda exad-sticky-section-no exad-glass-effect-no elementor-widget elementor-widget-image\" data-id=\"3a0afda\" data-element_type=\"widget\" data-e-type=\"widget\" data-widget_type=\"image.default\">\n\t\t\t\t<div class=\"elementor-widget-container\">\n\t\t\t\t\t\t\t\t\t\t\t\t\t\t\t<img decoding=\"async\" width=\"800\" height=\"485\" src=\"https:\/\/fucis.net\/wp-content\/uploads\/2021\/05\/banner3-1024x621.png\" class=\"attachment-large size-large wp-image-650\" alt=\"A red sign that says covid-1 9 coronavirus update.\" srcset=\"https:\/\/fucis.net\/wp-content\/uploads\/2021\/05\/banner3-1024x621.png 1024w, https:\/\/fucis.net\/wp-content\/uploads\/2021\/05\/banner3-300x182.png 300w, https:\/\/fucis.net\/wp-content\/uploads\/2021\/05\/banner3-768x466.png 768w, https:\/\/fucis.net\/wp-content\/uploads\/2021\/05\/banner3-1536x932.png 1536w, https:\/\/fucis.net\/wp-content\/uploads\/2021\/05\/banner3-2048x1242.png 2048w\" sizes=\"(max-width: 800px) 100vw, 800px\" \/>\t\t\t\t\t\t\t\t\t\t\t\t\t\t\t<\/div>\n\t\t\t\t<\/div>\n\t\t\t\t\t<\/div>\n\t\t<\/div>\n\t\t\t\t\t<\/div>\n\t\t<\/section>\n\t\t\t\t\t<\/div>\n\t\t<\/div>\n\t\t\t\t\t<\/div>\n\t\t<\/section>\n\t\t\t\t<section class=\"elementor-section elementor-top-section elementor-element elementor-element-9565857 elementor-section-stretched elementor-section-boxed elementor-section-height-default elementor-section-height-default exad-glass-effect-no exad-sticky-section-no\" data-id=\"9565857\" data-element_type=\"section\" data-e-type=\"section\" data-settings=\"{&quot;stretch_section&quot;:&quot;section-stretched&quot;}\">\n\t\t\t\t\t\t<div class=\"elementor-container elementor-column-gap-narrow\">\n\t\t\t\t\t<div class=\"elementor-column elementor-col-33 elementor-top-column elementor-element elementor-element-bd66a6b exad-glass-effect-no exad-sticky-section-no\" data-id=\"bd66a6b\" data-element_type=\"column\" data-e-type=\"column\">\n\t\t\t<div class=\"elementor-widget-wrap elementor-element-populated\">\n\t\t\t\t\t\t<div class=\"elementor-element elementor-element-37b75e2 exad-sticky-section-no exad-glass-effect-no elementor-widget elementor-widget-image\" data-id=\"37b75e2\" data-element_type=\"widget\" data-e-type=\"widget\" data-widget_type=\"image.default\">\n\t\t\t\t<div class=\"elementor-widget-container\">\n\t\t\t\t\t\t\t\t\t\t\t\t\t\t\t<img decoding=\"async\" width=\"800\" height=\"534\" src=\"https:\/\/fucis.net\/wp-content\/uploads\/2021\/05\/pexels-8-1024x683.jpg\" class=\"attachment-large size-large wp-image-144\" alt=\"A woman wearing an orange shirt and white mask.\" srcset=\"https:\/\/fucis.net\/wp-content\/uploads\/2021\/05\/pexels-8-1024x683.jpg 1024w, https:\/\/fucis.net\/wp-content\/uploads\/2021\/05\/pexels-8-300x200.jpg 300w, https:\/\/fucis.net\/wp-content\/uploads\/2021\/05\/pexels-8-768x512.jpg 768w, https:\/\/fucis.net\/wp-content\/uploads\/2021\/05\/pexels-8-1536x1024.jpg 1536w, https:\/\/fucis.net\/wp-content\/uploads\/2021\/05\/pexels-8-2048x1365.jpg 2048w, https:\/\/fucis.net\/wp-content\/uploads\/2021\/05\/pexels-8-scaled.jpg 1620w\" sizes=\"(max-width: 800px) 100vw, 800px\" \/>\t\t\t\t\t\t\t\t\t\t\t\t\t\t\t<\/div>\n\t\t\t\t<\/div>\n\t\t\t\t\t<\/div>\n\t\t<\/div>\n\t\t\t\t<div class=\"elementor-column elementor-col-33 elementor-top-column elementor-element elementor-element-65b6269 exad-glass-effect-no exad-sticky-section-no\" data-id=\"65b6269\" data-element_type=\"column\" data-e-type=\"column\">\n\t\t\t<div class=\"elementor-widget-wrap elementor-element-populated\">\n\t\t\t\t\t\t<div class=\"elementor-element elementor-element-0583b2a exad-sticky-section-no exad-glass-effect-no elementor-widget elementor-widget-image\" data-id=\"0583b2a\" data-element_type=\"widget\" data-e-type=\"widget\" data-widget_type=\"image.default\">\n\t\t\t\t<div class=\"elementor-widget-container\">\n\t\t\t\t\t\t\t\t\t\t\t\t\t\t\t<img loading=\"lazy\" decoding=\"async\" width=\"800\" height=\"604\" src=\"https:\/\/fucis.net\/wp-content\/uploads\/2021\/05\/1200px-US_CDC_logo.svg-1024x773.png\" class=\"attachment-large size-large wp-image-649\" alt=\"A blue and white logo for the centers for disease control.\" srcset=\"https:\/\/fucis.net\/wp-content\/uploads\/2021\/05\/1200px-US_CDC_logo.svg-1024x773.png 1024w, https:\/\/fucis.net\/wp-content\/uploads\/2021\/05\/1200px-US_CDC_logo.svg-300x227.png 300w, https:\/\/fucis.net\/wp-content\/uploads\/2021\/05\/1200px-US_CDC_logo.svg-768x580.png 768w, https:\/\/fucis.net\/wp-content\/uploads\/2021\/05\/1200px-US_CDC_logo.svg.png 1200w\" sizes=\"(max-width: 800px) 100vw, 800px\" \/>\t\t\t\t\t\t\t\t\t\t\t\t\t\t\t<\/div>\n\t\t\t\t<\/div>\n\t\t\t\t\t<\/div>\n\t\t<\/div>\n\t\t\t\t<div class=\"elementor-column elementor-col-33 elementor-top-column elementor-element elementor-element-43ef973 exad-glass-effect-no exad-sticky-section-no\" data-id=\"43ef973\" data-element_type=\"column\" data-e-type=\"column\">\n\t\t\t<div class=\"elementor-widget-wrap elementor-element-populated\">\n\t\t\t\t\t\t<div class=\"elementor-element elementor-element-13dd628 exad-sticky-section-no exad-glass-effect-no elementor-widget elementor-widget-image\" data-id=\"13dd628\" data-element_type=\"widget\" data-e-type=\"widget\" data-widget_type=\"image.default\">\n\t\t\t\t<div class=\"elementor-widget-container\">\n\t\t\t\t\t\t\t\t\t\t\t\t\t\t\t<img loading=\"lazy\" decoding=\"async\" width=\"800\" height=\"534\" src=\"https:\/\/fucis.net\/wp-content\/uploads\/2021\/05\/pexels-12-1024x683.jpg\" class=\"attachment-large size-large wp-image-148\" alt=\"A map of the world with a lot of red dots\" srcset=\"https:\/\/fucis.net\/wp-content\/uploads\/2021\/05\/pexels-12-1024x683.jpg 1024w, https:\/\/fucis.net\/wp-content\/uploads\/2021\/05\/pexels-12-300x200.jpg 300w, https:\/\/fucis.net\/wp-content\/uploads\/2021\/05\/pexels-12-768x512.jpg 768w, https:\/\/fucis.net\/wp-content\/uploads\/2021\/05\/pexels-12-1536x1024.jpg 1536w, https:\/\/fucis.net\/wp-content\/uploads\/2021\/05\/pexels-12-2048x1365.jpg 2048w, https:\/\/fucis.net\/wp-content\/uploads\/2021\/05\/pexels-12-scaled.jpg 1620w\" sizes=\"(max-width: 800px) 100vw, 800px\" \/>\t\t\t\t\t\t\t\t\t\t\t\t\t\t\t<\/div>\n\t\t\t\t<\/div>\n\t\t\t\t\t<\/div>\n\t\t<\/div>\n\t\t\t\t\t<\/div>\n\t\t<\/section>\n\t\t\t\t<section class=\"elementor-section elementor-top-section elementor-element elementor-element-29f6093 elementor-section-height-min-height elementor-section-boxed elementor-section-height-default elementor-section-items-middle exad-glass-effect-no exad-sticky-section-no\" data-id=\"29f6093\" data-element_type=\"section\" data-e-type=\"section\" data-settings=\"{&quot;background_background&quot;:&quot;classic&quot;}\">\n\t\t\t\t\t\t\t<div class=\"elementor-background-overlay\"><\/div>\n\t\t\t\t\t\t\t<div class=\"elementor-container elementor-column-gap-default\">\n\t\t\t\t\t<div class=\"elementor-column elementor-col-50 elementor-top-column elementor-element elementor-element-99b6599 exad-glass-effect-no exad-sticky-section-no\" data-id=\"99b6599\" data-element_type=\"column\" data-e-type=\"column\">\n\t\t\t<div class=\"elementor-widget-wrap elementor-element-populated\">\n\t\t\t\t\t\t<div class=\"elementor-element elementor-element-72bfbb8 exad-sticky-section-no exad-glass-effect-no elementor-invisible elementor-widget elementor-widget-heading\" data-id=\"72bfbb8\" data-element_type=\"widget\" data-e-type=\"widget\" data-settings=\"{&quot;_animation&quot;:&quot;fadeInUp&quot;,&quot;_animation_delay&quot;:300}\" data-widget_type=\"heading.default\">\n\t\t\t\t<div class=\"elementor-widget-container\">\n\t\t\t\t\t<h1 class=\"elementor-heading-title elementor-size-medium\">Su acci\u00f3n positiva\ncombinada con el pensamiento positivo\nresulta en el \u00e9xito.<\/h1>\t\t\t\t<\/div>\n\t\t\t\t<\/div>\n\t\t\t\t\t<\/div>\n\t\t<\/div>\n\t\t\t\t<div class=\"elementor-column elementor-col-50 elementor-top-column elementor-element elementor-element-ded4c60 exad-glass-effect-no exad-sticky-section-no\" data-id=\"ded4c60\" data-element_type=\"column\" data-e-type=\"column\">\n\t\t\t<div class=\"elementor-widget-wrap elementor-element-populated\">\n\t\t\t\t\t\t<div class=\"elementor-element elementor-element-4573491 elementor-align-center exad-sticky-section-no exad-glass-effect-no elementor-widget elementor-widget-button\" data-id=\"4573491\" data-element_type=\"widget\" data-e-type=\"widget\" data-widget_type=\"button.default\">\n\t\t\t\t<div class=\"elementor-widget-container\">\n\t\t\t\t\t\t\t\t\t<div class=\"elementor-button-wrapper\">\n\t\t\t\t\t<a class=\"elementor-button elementor-button-link elementor-size-sm\" href=\"https:\/\/fucis.net\/es\/free-consultation\/\">\n\t\t\t\t\t\t<span class=\"elementor-button-content-wrapper\">\n\t\t\t\t\t\t\t\t\t<span class=\"elementor-button-text\">Obtenga una consulta gratuita<\/span>\n\t\t\t\t\t<\/span>\n\t\t\t\t\t<\/a>\n\t\t\t\t<\/div>\n\t\t\t\t\t\t\t\t<\/div>\n\t\t\t\t<\/div>\n\t\t\t\t\t<\/div>\n\t\t<\/div>\n\t\t\t\t\t<\/div>\n\t\t<\/section>\n\t\t\t\t<\/div>","protected":false},"excerpt":{"rendered":"<p>Covid-19 Adhereance Protocol COVID-19 RISK MANAGEMENT OUR PLAN OF ACTION COVID-19 RISK MANAGMENT Protecting and supporting consumers and employee health Ensuring appropriate physical distancing Ensuring proper infection control Communicating with consumers and their families Ongoing staff and consumer COVID-19 awareness training COVID-19 RISK MANAGMENT Delivered via telephone and\/or video communication Completion of individual assessments and\/or [&hellip;]<\/p>\n","protected":false},"author":1,"featured_media":2165,"parent":0,"menu_order":0,"comment_status":"closed","ping_status":"closed","template":"","meta":{"footnotes":""},"class_list":["post-779","page","type-page","status-publish","has-post-thumbnail","hentry"],"yoast_head":"<!-- This site is optimized with the Yoast SEO plugin v27.5 - https:\/\/yoast.com\/product\/yoast-seo-wordpress\/ -->\n<title>Covid-19 | Covid-19 Risk Management<\/title>\n<meta name=\"description\" content=\"Act now to implement Covid-19 Risk Management. Protect health and ensure safety.\" \/>\n<meta name=\"robots\" content=\"index, follow, max-snippet:-1, max-image-preview:large, max-video-preview:-1\" \/>\n<link rel=\"canonical\" href=\"https:\/\/fucis.net\/es\/covid-19\/\" \/>\n<meta property=\"og:locale\" content=\"es_ES\" \/>\n<meta property=\"og:type\" content=\"article\" \/>\n<meta property=\"og:title\" content=\"Covid-19\" \/>\n<meta property=\"og:description\" content=\"Learn about effective COVID-19 risk management strategies to safeguard consumers and employees.\" \/>\n<meta property=\"og:url\" content=\"https:\/\/fucis.net\/es\/covid-19\/\" \/>\n<meta property=\"article:modified_time\" content=\"2026-02-05T11:36:41+00:00\" \/>\n<meta property=\"og:image\" content=\"https:\/\/fucis.net\/wp-content\/uploads\/2021\/05\/pexels-18-1024x683-1.jpg\" \/>\n\t<meta property=\"og:image:width\" content=\"1024\" \/>\n\t<meta property=\"og:image:height\" content=\"683\" \/>\n\t<meta property=\"og:image:type\" content=\"image\/jpeg\" \/>\n<meta name=\"twitter:card\" content=\"summary_large_image\" \/>\n<meta name=\"twitter:title\" content=\"Covid-19\" \/>\n<meta name=\"twitter:description\" content=\"Learn about effective COVID-19 risk management strategies to safeguard consumers and employees.\" \/>\n<meta name=\"twitter:label1\" content=\"Tiempo de lectura\" \/>\n\t<meta name=\"twitter:data1\" content=\"2 minutos\" \/>\n<script type=\"application\/ld+json\" class=\"yoast-schema-graph\">{\"@context\":\"https:\\\/\\\/schema.org\",\"@graph\":[{\"@type\":\"WebPage\",\"@id\":\"https:\\\/\\\/fucis.net\\\/covid-19\\\/\",\"url\":\"https:\\\/\\\/fucis.net\\\/covid-19\\\/\",\"name\":\"Covid-19 | Covid-19 Risk Management\",\"isPartOf\":{\"@id\":\"https:\\\/\\\/fucis.net\\\/#website\"},\"primaryImageOfPage\":{\"@id\":\"https:\\\/\\\/fucis.net\\\/covid-19\\\/#primaryimage\"},\"image\":{\"@id\":\"https:\\\/\\\/fucis.net\\\/covid-19\\\/#primaryimage\"},\"thumbnailUrl\":\"https:\\\/\\\/fucis.net\\\/wp-content\\\/uploads\\\/2021\\\/05\\\/pexels-18-1024x683-1.jpg\",\"datePublished\":\"2021-05-17T18:55:31+00:00\",\"dateModified\":\"2026-02-05T11:36:41+00:00\",\"description\":\"Act now to implement Covid-19 Risk Management. Protect health and ensure safety.\",\"breadcrumb\":{\"@id\":\"https:\\\/\\\/fucis.net\\\/covid-19\\\/#breadcrumb\"},\"inLanguage\":\"es\",\"potentialAction\":[{\"@type\":\"ReadAction\",\"target\":[\"https:\\\/\\\/fucis.net\\\/covid-19\\\/\"]}]},{\"@type\":\"ImageObject\",\"inLanguage\":\"es\",\"@id\":\"https:\\\/\\\/fucis.net\\\/covid-19\\\/#primaryimage\",\"url\":\"https:\\\/\\\/fucis.net\\\/wp-content\\\/uploads\\\/2021\\\/05\\\/pexels-18-1024x683-1.jpg\",\"contentUrl\":\"https:\\\/\\\/fucis.net\\\/wp-content\\\/uploads\\\/2021\\\/05\\\/pexels-18-1024x683-1.jpg\",\"width\":1024,\"height\":683,\"caption\":\"COVID-19 global statistics dashboard with map.\"},{\"@type\":\"BreadcrumbList\",\"@id\":\"https:\\\/\\\/fucis.net\\\/covid-19\\\/#breadcrumb\",\"itemListElement\":[{\"@type\":\"ListItem\",\"position\":1,\"name\":\"Home\",\"item\":\"https:\\\/\\\/fucis.net\\\/\"},{\"@type\":\"ListItem\",\"position\":2,\"name\":\"Covid-19\"}]},{\"@type\":\"WebSite\",\"@id\":\"https:\\\/\\\/fucis.net\\\/#website\",\"url\":\"https:\\\/\\\/fucis.net\\\/\",\"name\":\"\",\"description\":\"\",\"potentialAction\":[{\"@type\":\"SearchAction\",\"target\":{\"@type\":\"EntryPoint\",\"urlTemplate\":\"https:\\\/\\\/fucis.net\\\/?s={search_term_string}\"},\"query-input\":{\"@type\":\"PropertyValueSpecification\",\"valueRequired\":true,\"valueName\":\"search_term_string\"}}],\"inLanguage\":\"es\"}]}<\/script>\n<!-- \/ Yoast SEO plugin. -->","yoast_head_json":{"title":"Covid-19 | Covid-19 Risk Management","description":"Act now to implement Covid-19 Risk Management. Protect health and ensure safety.","robots":{"index":"index","follow":"follow","max-snippet":"max-snippet:-1","max-image-preview":"max-image-preview:large","max-video-preview":"max-video-preview:-1"},"canonical":"https:\/\/fucis.net\/es\/covid-19\/","og_locale":"es_ES","og_type":"article","og_title":"Covid-19","og_description":"Learn about effective COVID-19 risk management strategies to safeguard consumers and employees.","og_url":"https:\/\/fucis.net\/es\/covid-19\/","article_modified_time":"2026-02-05T11:36:41+00:00","og_image":[{"width":1024,"height":683,"url":"https:\/\/fucis.net\/wp-content\/uploads\/2021\/05\/pexels-18-1024x683-1.jpg","type":"image\/jpeg"}],"twitter_card":"summary_large_image","twitter_title":"Covid-19","twitter_description":"Learn about effective COVID-19 risk management strategies to safeguard consumers and employees.","twitter_misc":{"Tiempo de lectura":"2 minutos"},"schema":{"@context":"https:\/\/schema.org","@graph":[{"@type":"WebPage","@id":"https:\/\/fucis.net\/covid-19\/","url":"https:\/\/fucis.net\/covid-19\/","name":"Covid-19 | Covid-19 Risk Management","isPartOf":{"@id":"https:\/\/fucis.net\/#website"},"primaryImageOfPage":{"@id":"https:\/\/fucis.net\/covid-19\/#primaryimage"},"image":{"@id":"https:\/\/fucis.net\/covid-19\/#primaryimage"},"thumbnailUrl":"https:\/\/fucis.net\/wp-content\/uploads\/2021\/05\/pexels-18-1024x683-1.jpg","datePublished":"2021-05-17T18:55:31+00:00","dateModified":"2026-02-05T11:36:41+00:00","description":"Act now to implement Covid-19 Risk Management. Protect health and ensure safety.","breadcrumb":{"@id":"https:\/\/fucis.net\/covid-19\/#breadcrumb"},"inLanguage":"es","potentialAction":[{"@type":"ReadAction","target":["https:\/\/fucis.net\/covid-19\/"]}]},{"@type":"ImageObject","inLanguage":"es","@id":"https:\/\/fucis.net\/covid-19\/#primaryimage","url":"https:\/\/fucis.net\/wp-content\/uploads\/2021\/05\/pexels-18-1024x683-1.jpg","contentUrl":"https:\/\/fucis.net\/wp-content\/uploads\/2021\/05\/pexels-18-1024x683-1.jpg","width":1024,"height":683,"caption":"COVID-19 global statistics dashboard with map."},{"@type":"BreadcrumbList","@id":"https:\/\/fucis.net\/covid-19\/#breadcrumb","itemListElement":[{"@type":"ListItem","position":1,"name":"Home","item":"https:\/\/fucis.net\/"},{"@type":"ListItem","position":2,"name":"Covid-19"}]},{"@type":"WebSite","@id":"https:\/\/fucis.net\/#website","url":"https:\/\/fucis.net\/","name":"","description":"","potentialAction":[{"@type":"SearchAction","target":{"@type":"EntryPoint","urlTemplate":"https:\/\/fucis.net\/?s={search_term_string}"},"query-input":{"@type":"PropertyValueSpecification","valueRequired":true,"valueName":"search_term_string"}}],"inLanguage":"es"}]}},"_links":{"self":[{"href":"https:\/\/fucis.net\/es\/wp-json\/wp\/v2\/pages\/779","targetHints":{"allow":["GET"]}}],"collection":[{"href":"https:\/\/fucis.net\/es\/wp-json\/wp\/v2\/pages"}],"about":[{"href":"https:\/\/fucis.net\/es\/wp-json\/wp\/v2\/types\/page"}],"author":[{"embeddable":true,"href":"https:\/\/fucis.net\/es\/wp-json\/wp\/v2\/users\/1"}],"replies":[{"embeddable":true,"href":"https:\/\/fucis.net\/es\/wp-json\/wp\/v2\/comments?post=779"}],"version-history":[{"count":62,"href":"https:\/\/fucis.net\/es\/wp-json\/wp\/v2\/pages\/779\/revisions"}],"predecessor-version":[{"id":2175,"href":"https:\/\/fucis.net\/es\/wp-json\/wp\/v2\/pages\/779\/revisions\/2175"}],"wp:featuredmedia":[{"embeddable":true,"href":"https:\/\/fucis.net\/es\/wp-json\/wp\/v2\/media\/2165"}],"wp:attachment":[{"href":"https:\/\/fucis.net\/es\/wp-json\/wp\/v2\/media?parent=779"}],"curies":[{"name":"wp","href":"https:\/\/api.w.org\/{rel}","templated":true}]}}